{"id":30,"date":"2023-05-03T11:06:53","date_gmt":"2023-05-03T11:06:53","guid":{"rendered":"http:\/\/www.srv56306.seohost.com.pl\/?page_id=30"},"modified":"2025-11-05T14:10:39","modified_gmt":"2025-11-05T14:10:39","slug":"zasady","status":"publish","type":"page","link":"https:\/\/www.kluczowymoment.pl\/index.php\/zasady\/","title":{"rendered":"O mnie"},"content":{"rendered":"\n<p><\/p>\n\n\n\n<p><\/p>\n\n\n\n<div class=\"wp-block-media-text alignwide is-stacked-on-mobile is-vertically-aligned-top has-background\" style=\"background-color:#8dd2fc73;grid-template-columns:30% auto\"><figure class=\"wp-block-media-text__media\"><img decoding=\"async\" loading=\"lazy\" width=\"721\" height=\"1024\" src=\"https:\/\/www.kluczowymoment.pl\/wp-content\/uploads\/2024\/03\/Julita-1-721x1024.jpg\" alt=\"\" class=\"wp-image-603 size-full\" srcset=\"https:\/\/www.kluczowymoment.pl\/wp-content\/uploads\/2024\/03\/Julita-1-721x1024.jpg 721w, https:\/\/www.kluczowymoment.pl\/wp-content\/uploads\/2024\/03\/Julita-1-211x300.jpg 211w, https:\/\/www.kluczowymoment.pl\/wp-content\/uploads\/2024\/03\/Julita-1-768x1090.jpg 768w, https:\/\/www.kluczowymoment.pl\/wp-content\/uploads\/2024\/03\/Julita-1-1082x1536.jpg 1082w, https:\/\/www.kluczowymoment.pl\/wp-content\/uploads\/2024\/03\/Julita-1-1443x2048.jpg 1443w, https:\/\/www.kluczowymoment.pl\/wp-content\/uploads\/2024\/03\/Julita-1-1140x1618.jpg 1140w, https:\/\/www.kluczowymoment.pl\/wp-content\/uploads\/2024\/03\/Julita-1-scaled.jpg 1803w\" sizes=\"(max-width: 721px) 100vw, 721px\" \/><\/figure><div class=\"wp-block-media-text__content\">\n<p><\/p>\n\n\n\n<p class=\"has-medium-font-size\"><strong>Julita Abramowicz<\/strong><\/p>\n\n\n\n<p>Jestem psychologiem oraz psychoterapeutk\u0105 w trakcie certyfikacji. Uko\u0144czy\u0142am ca\u0142o\u015bciowe, czteroletnie szkolenie w zakresie psychoterapii humanistyczno-do\u015bwiadczeniowej Gestalt w Instytucie Integralnej Psychoterapii Gestalt. Odby\u0142am tak\u017ce kursy podstawowy i zaawansowany Terapii Skoncentrowanej na Rozwi\u0105zaniach.<\/p>\n\n\n\n<p>Wspieranie klienta w poszukiwaniach w atmosferze szacunku, \u017cyczliwo\u015bci i autentyczno\u015bci jest dla mnie istot\u0105 pracy terapeutycznej.<\/p>\n\n\n\n<p>Kluczowe natomiast jest pomaganie w kszta\u0142towaniu umiej\u0119tno\u015bci niezb\u0119dnych do satysfakcjonuj\u0105cego \u017cycia poprzez poszerzanie \u015bwiadomo\u015bci dotycz\u0105cej my\u015bli, emocji i cia\u0142a.<\/p>\n\n\n\n<p>Swoj\u0105 prac\u0119 poddaje superwizji.<\/p>\n\n\n\n<p>Zapraszam osoby doros\u0142e zmagaj\u0105ce si\u0119 z trudno\u015bciami w relacjach z innymi, radzeniem sobie ze stresem, obni\u017conym nastrojem lub stoj\u0105 przed wyzwaniami w \u017cyciu osobistym b\u0105d\u017a zawodowym.<br>\u00a0<\/p>\n\n\n\n<p style=\"font-size:17px\">E: <a href=\"mailto:abramowiczjulita@gmail.com\">abramowiczjulita@gmail.com<\/a><\/p>\n\n\n\n<p style=\"font-size:17px\">T: +48 602 757 657<\/p>\n<\/div><\/div>\n\n\n\n<p><\/p>\n","protected":false},"excerpt":{"rendered":"<p>Julita Abramowicz Jestem psychologiem oraz psychoterapeutk\u0105 w trakcie certyfikacji. Uko\u0144czy\u0142am ca\u0142o\u015bciowe, czteroletnie szkolenie w zakresie psychoterapii humanistyczno-do\u015bwiadczeniowej Gestalt w Instytucie Integralnej Psychoterapii Gestalt. Odby\u0142am tak\u017ce kursy podstawowy i zaawansowany Terapii Skoncentrowanej na Rozwi\u0105zaniach. Wspieranie klienta w poszukiwaniach w atmosferze szacunku, \u017cyczliwo\u015bci i autentyczno\u015bci jest dla mnie istot\u0105 pracy terapeutycznej. Kluczowe natomiast jest pomaganie w kszta\u0142towaniu umiej\u0119tno\u015bci niezb\u0119dnych do satysfakcjonuj\u0105cego \u017cycia poprzez poszerzanie \u015bwiadomo\u015bci dotycz\u0105cej my\u015bli, emocji i cia\u0142a. Swoj\u0105 prac\u0119 poddaje superwizji. Zapraszam osoby doros\u0142e zmagaj\u0105ce si\u0119 z trudno\u015bciami w relacjach z innymi, radzeniem sobie ze stresem, obni\u017conym nastrojem lub stoj\u0105 przed wyzwaniami w \u017cyciu osobistym b\u0105d\u017a zawodowym.\u00a0 E: abramowiczjulita@gmail.com T: +48 602 757 657<\/p>\n","protected":false},"author":1,"featured_media":0,"parent":0,"menu_order":0,"comment_status":"closed","ping_status":"closed","template":"","meta":[],"_links":{"self":[{"href":"https:\/\/www.kluczowymoment.pl\/index.php\/wp-json\/wp\/v2\/pages\/30"}],"collection":[{"href":"https:\/\/www.kluczowymoment.pl\/index.php\/wp-json\/wp\/v2\/pages"}],"about":[{"href":"https:\/\/www.kluczowymoment.pl\/index.php\/wp-json\/wp\/v2\/types\/page"}],"author":[{"embeddable":true,"href":"https:\/\/www.kluczowymoment.pl\/index.php\/wp-json\/wp\/v2\/users\/1"}],"replies":[{"embeddable":true,"href":"https:\/\/www.kluczowymoment.pl\/index.php\/wp-json\/wp\/v2\/comments?post=30"}],"version-history":[{"count":107,"href":"https:\/\/www.kluczowymoment.pl\/index.php\/wp-json\/wp\/v2\/pages\/30\/revisions"}],"predecessor-version":[{"id":673,"href":"https:\/\/www.kluczowymoment.pl\/index.php\/wp-json\/wp\/v2\/pages\/30\/revisions\/673"}],"wp:attachment":[{"href":"https:\/\/www.kluczowymoment.pl\/index.php\/wp-json\/wp\/v2\/media?parent=30"}],"curies":[{"name":"wp","href":"https:\/\/api.w.org\/{rel}","templated":true}]}}